{"id":13,"date":"2021-12-22T01:45:52","date_gmt":"2021-12-22T01:45:52","guid":{"rendered":"https:\/\/campamentocice.org\/predio\/?page_id=13"},"modified":"2024-11-03T15:32:56","modified_gmt":"2024-11-03T18:32:56","slug":"predio","status":"publish","type":"page","link":"https:\/\/campamentocice.org\/predio\/","title":{"rendered":"predio"},"content":{"rendered":"\r\n<div class=\"wp-block-columns alignwide is-layout-flex wp-container-core-columns-is-layout-9d6595d7 wp-block-columns-is-layout-flex\">\r\n<div class=\"wp-block-column has-white-background-color has-background is-layout-flow wp-block-column-is-layout-flow\">\r\n<p class=\"has-text-align-center\" style=\"font-size: 18px;\">El Predio CICE Pilar posee una extensi\u00f3n de 3 hect\u00e1reas. Dispone de instalaciones aptas para realizar actividades de esparcimiento y recreaci\u00f3n en un \u00e1mbito cristiano, principalmente enfocado a las organizaciones religiosas e iglesias; cuenta con instalaciones especialmente construidas para la realizaci\u00f3n de eventos evangel\u00edsticos, tales como: campamentos, retiros, conferencias, picnics, campeonatos deportivos y otros.<\/p>\r\n<\/div>\r\n<\/div>\r\n\r\n\r\n\r\n<h2 id=\"alquiler_predio\" class=\"has-text-align-center wp-block-heading\">Reservar predio<\/h2>\r\n\r\n\r\n\r\n<p class=\"has-text-align-center has-medium-font-size\">Si usted quiere realizar una actividad en el predio:<\/p>\r\n\r\n\r\n\r\n<div class=\"wp-block-columns alignfull has-text-color has-background is-layout-flex wp-container-core-columns-is-layout-9d6595d7 wp-block-columns-is-layout-flex\" style=\"background-color: #ffffff; color: #000000;\">\r\n<div class=\"wp-block-column is-layout-flow wp-block-column-is-layout-flow\">\r\n<h3 class=\"has-medium-font-size wp-block-heading\" style=\"line-height: 1.3;\">1. Disponibilidad \u2611\ufe0f<\/h3>\r\n\r\n\r\n\r\n<p style=\"font-size: 18px;\">Verifique si la fecha de su inter\u00e9s esta libre en el calendario. Las fechas ocupadas son cargadas en el calendario una vez confirmadas.<\/p>\r\n<\/div>\r\n\r\n\r\n\r\n<div class=\"wp-block-column is-layout-flow wp-block-column-is-layout-flow\">\r\n<h3 class=\"has-medium-font-size wp-block-heading\" style=\"line-height: 1.3;\">2. PRE-rESERVA<strong> \u2611\ufe0f<\/strong><\/h3>\r\n\r\n\r\n\r\n<p style=\"font-size: 18px;\">Complete el formulario para la actividad solicitada. No hacemos reservas por otros medios.<\/p>\r\n<\/div>\r\n\r\n\r\n\r\n<div class=\"wp-block-column is-layout-flow wp-block-column-is-layout-flow\">\r\n<h3 class=\"has-medium-font-size wp-block-heading\" style=\"line-height: 1.3;\">3. confirmacion<strong><a href=\"https:\/\/es.wordpress.org\"> \u2611\ufe0f<\/a><\/strong><\/h3>\r\n\r\n\r\n\r\n<p style=\"font-size: 18px;\">La reserva ser\u00e1 confirmada con el contrato de reserva y suscripci\u00f3n de la misma.<\/p>\r\n<\/div>\r\n<\/div>\r\n\r\n\r\n\r\n<div class=\"wp-block-accordion-toggle-accordion-toggle\">\r\n<div class=\"eb-accordion-container eb-accordion-ypxg4v5\" data-accordion-type=\"accordion\" data-tab-icon=\"fas fa-angle-right\" data-expanded-icon=\"fas fa-angle-down\">\r\n<div class=\"eb-accordion-inner\">\r\n<div class=\"eb-accordion-wrapper eb-accordion-hidden\">\r\n<div class=\"eb-accordion-title-wrapper\">\r\n<h3 class=\"eb-accordion-title\">1. Consultar disponibilidad<\/h3>\r\n<\/div>\r\n<div class=\"eb-accordion-content-wrapper\">\r\n<p class=\"eb-accordion-content\"><iframe loading=\"lazy\" style=\"border-width: 0;\" src=\"https:\/\/calendar.google.com\/calendar\/embed?height=500&amp;wkst=2&amp;ctz=America%2FArgentina%2FBuenos_Aires&amp;bgcolor=%23ffffff&amp;showPrint=0&amp;showTabs=0&amp;showCalendars=0&amp;src=YTJldXFwa3BnZG5yNWpndXY3ZnZxZzJtZjBAZ3JvdXAuY2FsZW5kYXIuZ29vZ2xlLmNvbQ&amp;src=ZXMuYXIjaG9saWRheUBncm91cC52LmNhbGVuZGFyLmdvb2dsZS5jb20&amp;color=%23D50000&amp;color=%23F6BF26\" width=\"700\" height=\"500\" frameborder=\"0\" scrolling=\"no\"><\/iframe><\/p>\r\n<\/div>\r\n<\/div>\r\n<div class=\"eb-accordion-wrapper eb-accordion-hidden\">\r\n<div class=\"eb-accordion-title-wrapper\">\r\n<h3 class=\"eb-accordion-title\">2. completar formulario pre-reserva<\/h3>\r\n<\/div>\r\n<div class=\"eb-accordion-content-wrapper\">\r\n<p class=\"eb-accordion-content\"><iframe loading=\"lazy\" src=\"https:\/\/docs.google.com\/forms\/d\/e\/1FAIpQLSekwh6E0bgyuoYKJjaXyfDklOOTALPgc6JsKba_tVcNlLuwDg\/viewform?embedded=true\" width=\"640\" height=\"2780\" frameborder=\"0\" marginwidth=\"0\" marginheight=\"0\">Cargando\u2026<\/iframe><\/p>\r\n<\/div>\r\n<\/div>\r\n<\/div>\r\n<\/div>\r\n<\/div>\r\n\r\n\r\n<hr class=\"wp-block-separator\" \/>\r\n\r\n\t\t<div id=\"wpmapblock_54d9877e\" data-settings='{&quot;map_marker&quot;:[{&quot;lat&quot;:&quot;-34.457837&quot;,&quot;lng&quot;:&quot;-58.968859&quot;,&quot;title&quot;:&quot;Predio CICE&quot;,&quot;content&quot;:&quot;Predio del Campamento CICE.\\nPilar, Buenos Aires, Argentina&quot;,&quot;iconType&quot;:&quot;default&quot;,&quot;customIconUrl&quot;:&quot;&quot;,&quot;customIconWidth&quot;:&quot;25&quot;,&quot;customIconHeight&quot;:&quot;40&quot;}],&quot;map_zoom&quot;:&quot;15&quot;,&quot;scroll_wheel_zoom&quot;:false,&quot;map_type&quot;:&quot;GM&quot;,&quot;center_index&quot;:0}' class=\"wpmapblockrender\" style=\"\n\t\t\twidth: 100%;\n\t\t\theight: 400px;\n\t\t\"><\/div>\n        \r\n\r\n\r\n<div class=\"wp-block-buttons is-layout-flex wp-block-buttons-is-layout-flex\">\r\n<div class=\"wp-block-button aligncenter\"><a class=\"wp-block-button__link\" href=\"https:\/\/goo.gl\/maps\/1NFvoLtyqRswbwC57\" target=\"_blank\" rel=\"noreferrer noopener\">Como llegar al predio<\/a><\/div>\r\n<\/div>\r\n\r\n\r\n\r\n<p>&nbsp;<\/p>\r\n","protected":false},"excerpt":{"rendered":"<p>El Predio CICE Pilar posee una extensi\u00f3n de 3 hect\u00e1reas. Dispone de instalaciones aptas para realizar actividades de esparcimiento y recreaci\u00f3n en un \u00e1mbito cristiano, principalmente enfocado a las organizaciones religiosas e iglesias; cuenta con instalaciones especialmente construidas para la realizaci\u00f3n de eventos evangel\u00edsticos, tales como: campamentos, retiros, conferencias, picnics, campeonatos deportivos y otros. Reservar &hellip; <a href=\"https:\/\/campamentocice.org\/predio\/\" class=\"more-link\">Continuar leyendo <span class=\"screen-reader-text\">predio<\/span> <span class=\"meta-nav\">&rarr;<\/span><\/a><\/p>\n","protected":false},"author":1,"featured_media":0,"parent":0,"menu_order":0,"comment_status":"closed","ping_status":"closed","template":"","meta":{"_eb_attr":"","footnotes":""},"class_list":["post-13","page","type-page","status-publish","hentry"],"_links":{"self":[{"href":"https:\/\/campamentocice.org\/predio\/wp-json\/wp\/v2\/pages\/13","targetHints":{"allow":["GET"]}}],"collection":[{"href":"https:\/\/campamentocice.org\/predio\/wp-json\/wp\/v2\/pages"}],"about":[{"href":"https:\/\/campamentocice.org\/predio\/wp-json\/wp\/v2\/types\/page"}],"author":[{"embeddable":true,"href":"https:\/\/campamentocice.org\/predio\/wp-json\/wp\/v2\/users\/1"}],"replies":[{"embeddable":true,"href":"https:\/\/campamentocice.org\/predio\/wp-json\/wp\/v2\/comments?post=13"}],"version-history":[{"count":79,"href":"https:\/\/campamentocice.org\/predio\/wp-json\/wp\/v2\/pages\/13\/revisions"}],"predecessor-version":[{"id":354,"href":"https:\/\/campamentocice.org\/predio\/wp-json\/wp\/v2\/pages\/13\/revisions\/354"}],"wp:attachment":[{"href":"https:\/\/campamentocice.org\/predio\/wp-json\/wp\/v2\/media?parent=13"}],"curies":[{"name":"wp","href":"https:\/\/api.w.org\/{rel}","templated":true}]}}